{"id":21857,"date":"2024-03-06T16:11:25","date_gmt":"2024-03-06T16:11:25","guid":{"rendered":"https:\/\/staging-admin.parknfly.ca\/?page_id=21857"},"modified":"2024-03-06T18:52:01","modified_gmt":"2024-03-06T18:52:01","slug":"carte-cadeau-voyage-caa-atlantic-2024-reglements-du-concours","status":"publish","type":"page","link":"https:\/\/staging.parknfly.ca\/fr\/carte-cadeau-voyage-caa-atlantic-2024-reglements-du-concours\/","title":{"rendered":"Carte-cadeau voyage CAA Atlantic 2024 &#8211; R\u00e8glements du concours"},"content":{"rendered":"\t\t<div data-elementor-type=\"wp-page\" data-elementor-id=\"21857\" class=\"elementor elementor-21857 elementor-21828\" data-elementor-post-type=\"page\">\n\t\t\t\t\t\t<section class=\"elementor-section elementor-top-section elementor-element elementor-element-d13beb7 elementor-section-boxed elementor-section-height-default elementor-section-height-default\" data-id=\"d13beb7\" data-element_type=\"section\">\n\t\t\t\t\t\t<div class=\"elementor-container elementor-column-gap-default\">\n\t\t\t\t\t<div class=\"elementor-column elementor-col-50 elementor-top-column elementor-element elementor-element-439e540\" data-id=\"439e540\" data-element_type=\"column\">\n\t\t\t<div class=\"elementor-widget-wrap elementor-element-populated\">\n\t\t\t\t\t\t<div class=\"elementor-element elementor-element-52095d8 elementor-widget elementor-widget-heading\" data-id=\"52095d8\" data-element_type=\"widget\" data-widget_type=\"heading.default\">\n\t\t\t\t<div class=\"elementor-widget-container\">\n\t\t\t<h1 class=\"elementor-heading-title elementor-size-default\">Carte-cadeau voyage CAA Atlantic 2024\nR\u00e8glements du concours\n<\/h1>\t\t<\/div>\n\t\t\t\t<\/div>\n\t\t\t\t<div class=\"elementor-element elementor-element-d9e488b elementor-widget elementor-widget-text-editor\" data-id=\"d9e488b\" data-element_type=\"widget\" data-widget_type=\"text-editor.default\">\n\t\t\t\t<div class=\"elementor-widget-container\">\n\t\t\t\t\t\t\t<ol><li>\u00a0<strong>COMMANDITAIRE DU CONCOURS\u00a0:<\/strong> Park\u2019N Fly Canada.<\/li><li>\u00a0<strong>P\u00c9RIODE DU CONCOURS\u00a0:<\/strong> Le concours d\u00e9bute \u00e0 0\u00a0h\u00a01, heure de l\u2019Est (HE), le 15 mars 2024 et se termine \u00e0 23\u00a0h\u00a059 (HE), le 30 avril 2024 (la \u00ab\u2009p\u00e9riode du concours\u2009\u00bb).<\/li><li>A)\u00a0 <strong>COMMENT PARTICIPER<\/strong> \u2013 Effectuer un s\u00e9jour de stationnement \u00e0 l\u2019emplacement Park\u2019N Fly d\u2019Halifax pendant la p\u00e9riode du concours pour avoir une chance de gagner. Une inscription par s\u00e9jour de stationnement admissible enti\u00e8rement compl\u00e9t\u00e9 (de l\u2019enregistrement au d\u00e9part) \u00e0 l\u2019emplacement Park\u2019N Fly d\u2019Halifax est permise pendant toute la dur\u00e9e de la p\u00e9riode du concours. L\u2019enregistrement doit avoir lieu au plus tard le 15 mars 2024 et le d\u00e9part au plus tard le 30 avril 2024.<\/li><li>B)\u00a0 <strong>COMMENT PARTICIPER<\/strong> \u2013 Aucun achat requis\u00a0: Pour participer sans achat, les participants doivent envoyer leur nom, leur adresse postale compl\u00e8te, leur num\u00e9ro de t\u00e9l\u00e9phone et leur num\u00e9ro de membre CAA dans une enveloppe affranchie et pr\u00e9adress\u00e9e \u00e0\u00a0: Concours Park&#8217;N Fly CAA, C\/O Service marketing Park&#8217;N Fly, 5905, chemin Campus, Mississauga (Ontario), L4V 1P9. Toutes les inscriptions avec achat doivent \u00eatre re\u00e7ues avant le 30 avril 2024 \u00e0 17\u00a0h (HE).<\/li><li>\u00a0<strong>PRIX\u00a0:<\/strong> Il y a un (1) GRAND PRIX (le \u00ab\u2009Prix\u2009\u00bb) \u00e0 gagner. Le Prix comprend un bon de voyage CAA de 322 000 $ CA et un bon de stationnement de Park&#8217;N Fly \u00e0 Halifax de 8 jours (le \u00ab\u2009Prix\u2009\u00bb). La valeur du Prix est environ 2 120,00 $ CAD.<\/li><li>\u00a0<strong>CONDITIONS ATTACHEES AU PRIX\u00a0:<\/strong>\u00a0Le prix ne peut \u00eatre \u00e9chang\u00e9, transf\u00e9r\u00e9 ou remplac\u00e9 par de l\u2019argent.<\/li><li>\u00a0<strong>S\u00e9lection du gagnant\u00a0:<\/strong> Le gagnant du GRAND PRIX sera tir\u00e9 au sort parmi toutes les participations et les inscriptions sans achat soumises ou survenues pendant la p\u00e9riode entre le 15 mars 2024 et le 30 avril 2024. Le tirage aura lieu au bureau de Park&#8217;N Fly situ\u00e9 au 5905 Campus Road, Mississauga, Ontario, L4V 1P9 le 6 mai 2024 \u00e0 10\u00a0h (HE). Les chances de gagner d\u00e9pendent du nombre de participations admissibles pendant la p\u00e9riode du concours.<\/li><\/ol><p>III.\u00a0\u00a0 \u00a0Le GRAND PRIX sera attribu\u00e9 comme indiqu\u00e9 \u00e0 la section\u00a03, Prix.<\/p><ol><li>\u00a0Le Prix doit \u00eatre accept\u00e9 tel qu\u2019attribu\u00e9 et ne peut \u00eatre c\u00e9d\u00e9, transf\u00e9r\u00e9, substitu\u00e9, \u00e9chang\u00e9, rembours\u00e9 ou \u00e9chang\u00e9 contre une valeur en esp\u00e8ces ou transf\u00e9r\u00e9 \u00e0 une autre personne.<\/li><li>\u00a0Les membres du CAA doivent \u00eatre en r\u00e8gle au moment du tirage pour \u00eatre \u00e9ligibles \u00e0 gagner.<\/li><li>\u00a0Le voyage doit \u00eatre r\u00e9serv\u00e9 avant le 31 d\u00e9cembre 2024. Les r\u00e9servations annul\u00e9es ne seront pas rembours\u00e9es. Le CAA Atlantic se r\u00e9serve le droit de remplacer le prix par un item \u00e9quivalent ou de plus de valeur advenant le cas o\u00f9 le prix serait non disponible d\u00fb \u00e0 des circonstances hors du contr\u00f4le du CAA Atlantic. Le Prix sera disponible \u00e0 la succursale pour le gagnant.<\/li><\/ol><p>VII.\u00a0\u00a0 \u00a0 Les participants s\u00e9lectionn\u00e9s sont sujets \u00e0 une v\u00e9rification par CAA Atlantique et\/ou ses repr\u00e9sentants d\u00e9sign\u00e9s, \u00e0 leur seule discr\u00e9tion. Le refus d\u2019un participant d\u2019accepter le prix ou toute partie du prix lib\u00e8re et lib\u00e8re \u00e0 jamais CAA Atlantic et ses agents de toutes obligations li\u00e9es au Prix, y compris la livraison. Le gagnant est seul responsable de toutes les d\u00e9penses qui ne sont pas incluses dans la description du prix ci-dessus.<\/p><p>VIII.\u00a0\u00a0 \u00a0\u00ae Les marques de commerce sont la propri\u00e9t\u00e9 et leur utilisation est accord\u00e9e par l\u2019Association canadienne de l\u2019automobile. \u2122 Marque de commerce de l\u2019Association canadienne de l\u2019automobile. Ces marques de commerce sont utilis\u00e9es par Park\u2019 N Fly sous autorisation.<\/p><ul><li>\u00a0En participant au concours, chaque participant admissible s\u2019engage et accepte de se d\u00e9gager de toute responsabilit\u00e9 et de d\u00e9gager de toute responsabilit\u00e9 Park&#8217;N Fly, CAA, ses filiales et soci\u00e9t\u00e9s affili\u00e9es, ainsi que chacun de leurs dirigeants, administrateurs, employ\u00e9s, agents, repr\u00e9sentants, sous-traitants et soci\u00e9t\u00e9s affili\u00e9es respectifs en ce qui concerne toute r\u00e9clamation ou action, perte, amende ou frais juridiques d\u00e9coulant, directement ou indirectement, du concours et de son administration, du prix du concours et de toute activit\u00e9 connexe.<\/li><\/ul><ol start=\"5\"><li>\u00a0<strong>COMMENT GAGNER\u00a0:<\/strong> Pour \u00eatre d\u00e9clar\u00e9 gagnant du Grand Prix, le participant gagnant doit d\u2019abord r\u00e9pondre correctement, sans aide, \u00e0 une question r\u00e9glementaire d\u2019arithm\u00e9tique dans un d\u00e9lai limit\u00e9, pos\u00e9e par t\u00e9l\u00e9phone ou par courriel \u00e0 un moment mutuellement convenable. Les participants \u00e9ligibles fournissant une r\u00e9ponse incorrecte ne seront plus \u00e9ligibles pour gagner le Prix dans ce concours. De plus, avant d\u2019\u00eatre d\u00e9clar\u00e9 gagnant du Grand Prix, le gagnant devra signer un formulaire standard de d\u00e9charge et d\u2019indemnisation sp\u00e9cifique au Grand Prix confirmant la compr\u00e9hension, le respect et l\u2019acceptation des r\u00e8glements du concours ainsi que l\u2019acceptation du grand prix tel qu\u2019attribu\u00e9. Le formulaire de d\u00e9charge de toute responsabilit\u00e9 doit \u00eatre satisfaisant pour le(s) commanditaire(s) du concours et \u00eatre retourn\u00e9 sign\u00e9 au commanditaire du concours.<\/li><li><span style=\"font-size: 1rem;\"> <strong>ADMISSIBILIT\u00c9 :<\/strong> Le concours est ouvert uniquement aux r\u00e9sidents du Canada \u00e0 l\u2019exception du Qu\u00e9bec. Les participants doivent avoir plus de 18 ans au moment du tirage. Les employ\u00e9s, les membres de la famille imm\u00e9diate et les membres de la maisonn\u00e9e de ces employ\u00e9s du commanditaire du concours et de leurs agences de publicit\u00e9 et de promotion respectives et soci\u00e9t\u00e9s affili\u00e9es sont exclus du concours. Cela comprend Park\u2019N Fly Canada, la CAA, ainsi que les filiales, les divisions, les partenaires, les fournisseurs, les imprimeurs, les distributeurs et les agences de publicit\u00e9 respective du commanditaire du concours, ainsi que les membres de la famille imm\u00e9diate et les membres de la maisonn\u00e9e. Dans ces r\u00e8glements, la famille imm\u00e9diate est d\u00e9finie comme le conjoint, le partenaire domestique, les enfants, les fr\u00e8res et s\u0153urs, les parents et la belle-famille.<\/span><\/li><li><strong>\u00a0CONDITIONS DE PARTICIPATION\u00a0:<\/strong> Les participants (i) reconnaissent se conformer aux pr\u00e9sents r\u00e8glements officiels, y compris toutes les conditions d\u2019\u00e9ligibilit\u00e9, et (ii) acceptent d\u2019\u00eatre li\u00e9s par les d\u00e9cisions des juges du concours, prises \u00e0 leur seule discr\u00e9tion, qui seront d\u00e9finitives et ex\u00e9cutoires dans tous les domaines relatifs au concours. Les participants qui n\u2019auront pas respect\u00e9 le pr\u00e9sent r\u00e8glement officiel seront disqualifi\u00e9s.<\/li><li><strong>RESPONSABILIT\u00c9 :<\/strong> Les participants et\/ou les gagnants assument la responsabilit\u00e9 des blessures caus\u00e9es ou pr\u00e9tendument caus\u00e9es par la participation au concours, ou par l\u2019acceptation, la possession ou l\u2019utilisation de tout prix attribu\u00e9, y compris mais sans s\u2019y limiter, les r\u00e9clamations\/dommages pour blessures corporelles, ou dommages \u00e0 la propri\u00e9t\u00e9.<\/li><li><strong>RESPONSABILIT\u00c9 :<\/strong> Les participants et\/ou les gagnants acceptent de renoncer \u00e0 toute r\u00e9clamation contre le commanditaire du concours et\/ou un de ses agents et d\u00e9gagent le commanditaire du concours et tous ses agents de toute responsabilit\u00e9 en cas de blessure, de dommage mat\u00e9riel ou de toute autre perte subie par le participant et\/ou gagnant \u00e0 la suite de sa participation au concours pour quelque raison que ce soit, y compris la n\u00e9gligence ou le devoir de diligence du commanditaire du concours et\/ou de l\u2019un de ses agents.<\/li><li><strong>ACCEPTATION DU PRIX :<\/strong> En acceptant le Prix, le gagnant consent \u00e0 ce que les organisateurs du concours, les partenaires et les commanditaires publient ou annoncent le nom et la ou les photographies du gagnant du Prix dans une publicit\u00e9 future, sans autorisation ni compensation. En participant \u00e0 ce concours, le gagnant du grand prix consent \u00e0 la reproduction, \u00e0 la publication et \u00e0 la distribution illimit\u00e9es de photographies par CAA et\/ou Park&#8217;N Fly sous toutes formes et m\u00e9dias, et de toute mani\u00e8re, y compris la publicit\u00e9, le commerce, l\u2019affichage, l\u2019\u00e9ditorial, l\u2019art, les publicit\u00e9s, la production de vid\u00e9o, les expositions, les m\u00e9dias sociaux et le contenu de sites Web.<\/li><li><strong>Livraison du Prix :<\/strong> Le Prix sera disponible \u00e0 la succursale pour le gagnant.<\/li><li><strong>RENONCIATION :<\/strong> En participant \u00e0 ce concours, les participants confirment qu\u2019ils ont lu et compris les pr\u00e9sents r\u00e8glements. Les participants conviennent \u00e9galement, s\u2019ils deviennent un gagnant admissible, qu\u2019ils signeront une d\u00e9claration de conformit\u00e9 aux R\u00e8glements et un formulaire de renonciation lib\u00e9rant le commanditaire du concours et toutes les soci\u00e9t\u00e9s affili\u00e9es, parents, filiales, administrateurs, dirigeants, employ\u00e9s respectifs, les agents et les agences de publicit\u00e9 et de promotion (collectivement, les renonciations), de toute r\u00e9clamation ou responsabilit\u00e9 de toute nature d\u00e9coulant de ou en lien avec ce concours ou un prix, y compris, sans s\u2019y limiter, les r\u00e9clamations ou la responsabilit\u00e9 en lien avec l\u2019acceptation, l\u2019utilisation ou la mauvaise utilisation du Prix tel qu\u2019il est attribu\u00e9. Tous les documents doivent \u00eatre remplis et retourn\u00e9s dans le d\u00e9lai indiqu\u00e9 sur ces documents ou le Prix peut \u00eatre confisqu\u00e9.<\/li><li><strong>CLAUSE DE NON-RESPONSABILIT\u00c9\u00a0:<\/strong> a) Toutes les participations deviennent la propri\u00e9t\u00e9 du commanditaire du concours, qui ne saurait \u00eatre tenu responsable des participations perdues, vol\u00e9es, en retard, endommag\u00e9es ou mal achemin\u00e9es\u2009; pour toute panne sur l\u2019Internet pendant la p\u00e9riode promotionnelle\u2009; pour tout probl\u00e8me ou dysfonctionnement techniques de tout r\u00e9seau ou ligne t\u00e9l\u00e9phonique, syst\u00e8me informatique en ligne, serveur, fournisseur d\u2019acc\u00e8s, \u00e9quipement informatique ou logiciel\u2009; en cas de non-r\u00e9ception d\u2019un courriel ou d\u2019une inscription par le commanditaire du concours pour quelque raison que ce soit, y compris, sans s\u2019y limiter, en raison de probl\u00e8mes techniques ou de congestion du trafic sur l\u2019Internet ou sur tout site Web, ou toute combinaison de ceux-ci\u2009; ou pour toute blessure ou dommage \u00e0 l\u2019ordinateur d\u2019un participant ou de toute autre personne li\u00e9 \u00e0 ou r\u00e9sultant de la participation ou du t\u00e9l\u00e9chargement de tout mat\u00e9riel au concours. Toutes les participations sont sujettes \u00e0 v\u00e9rification et seront d\u00e9clar\u00e9es invalides si elles sont in\u00e9ligibles, incompl\u00e8tes, contrefaites, falsifi\u00e9es, alt\u00e9r\u00e9es ou falsifi\u00e9es de quelque mani\u00e8re que ce soit.<\/li><li><strong>DIVULGATIONS :<\/strong> Toute tentative par un participant ou une autre personne d\u2019endommager d\u00e9lib\u00e9r\u00e9ment un site Web ou de nuire au d\u00e9roulement l\u00e9gitime du concours, y compris, mais sans s\u2019y limiter, toute r\u00e9clamation frauduleuse, pourrait constituer une violation des lois p\u00e9nales et civiles. Si une telle tentative \u00e9tait faite, le commanditaire du concours se r\u00e9serve le droit de demander des recours et des dommages-int\u00e9r\u00eats \u00e0 toute personne concern\u00e9e, dans toute la mesure permise par la loi, y compris des poursuites p\u00e9nales. Le participant s\u2019engageant dans l\u2019une des activit\u00e9s ci-dessus sera disqualifi\u00e9 et perdra tout prix gagn\u00e9.<\/li><li>Tous les probl\u00e8mes et les questions concernant la construction, la validit\u00e9, l\u2019interpr\u00e9tation et le caract\u00e8re ex\u00e9cutoire des pr\u00e9sents r\u00e8glements officiels, ou les droits et obligations du participant et du commanditaire du concours en relation avec le concours, seront r\u00e9gis et interpr\u00e9t\u00e9s conform\u00e9ment aux lois substantielles de la province de l\u2019Ontario sans \u00e9gard aux principes de conflits de lois de l\u2019Ontario. Tous les participants acceptent la juridiction et le lieu de la province de l\u2019Ontario.<\/li><li>L\u2019invalidit\u00e9 ou l\u2019inapplicabilit\u00e9 de toute disposition des pr\u00e9sents r\u00e8glements officiels n\u2019affecte pas la validit\u00e9 ou l\u2019applicabilit\u00e9 de toute autre disposition. Dans le cas o\u00f9 une disposition est jug\u00e9e invalide ou autrement inapplicable ou ill\u00e9gale, les pr\u00e9sents R\u00e8glements officiels resteront en vigueur et seront interpr\u00e9t\u00e9s conform\u00e9ment \u00e0 leurs conditions comme si la disposition invalide ou ill\u00e9gale n\u2019\u00e9tait pas contenue dans le pr\u00e9sent document. En particulier, les employ\u00e9s du commanditaire du concours ne sont pas autoris\u00e9s \u00e0 renoncer, modifier ou modifier de quelque mani\u00e8re que ce soit toute disposition ou dispositions des pr\u00e9sents r\u00e8glements officiels.<\/li><li>Les renseignements personnels recueillis aupr\u00e8s des participants seront utilis\u00e9s par le commanditaire du concours aux fins d\u2019administration du concours. Le commanditaire du concours ne vendra, ne partagera ni ne divulguera de toute autre mani\u00e8re les informations personnelles des participants avec des tiers, autres qu\u2019avec des tiers engag\u00e9s par le commanditaire du concours pour atteindre les objectifs ci-dessus ou comme permis ou requis par la loi. En participant au concours, le participant consent \u00e0 la mani\u00e8re de recueillir, d\u2019utiliser et de divulguer ses renseignements personnels, comme indiqu\u00e9 dans la politique de confidentialit\u00e9 du commanditaire du concours, disponible \u00e0\u00a0<a href=\"https:\/\/staging.parknfly.ca\/fr\/politique-de-confidentialite\/\">https:\/\/staging.parknfly.ca\/fr\/politique-de-confidentialite\/<\/a><\/li><li>\u00a0Les r\u00e8glements du concours et les d\u00e9cisions des juges du concours s\u00e9lectionn\u00e9s par le commanditaire du concours sont d\u00e9finitifs. Toutes les participations deviennent la propri\u00e9t\u00e9 du commanditaire du concours sans paiement d\u2019aucune compensation en plus du prix d\u00e9cern\u00e9 aux participants retenus.<\/li><li>Le commanditaire se r\u00e9serve le droit, \u00e0 son enti\u00e8re discr\u00e9tion, d\u2019effectuer des substitutions de nature ou de valeur \u00e9quivalente en cas d\u2019indisponibilit\u00e9 de tout \u00e9l\u00e9ment du Prix s\u00e9lectionn\u00e9 pour quelques raisons que ce soit.<\/li><li><strong>MODIFICATION DU CONCOURS :<\/strong> Les organisateurs du concours se r\u00e9servent le droit, \u00e0 leur seule discr\u00e9tion, d\u2019annuler, de r\u00e9silier, de modifier ou de suspendre ce concours, en tout ou en partie, en cas d\u2019\u00e9v\u00e9nement ou de toute intervention humaine susceptible d\u2019alt\u00e9rer ou d\u2019affecter la gestion, la s\u00e9curit\u00e9, l\u2019impartialit\u00e9 ou la conduite du concours, conform\u00e9ment aux pr\u00e9sentes, au besoin. En cas de fraude, de d\u00e9faillances techniques, y compris toute d\u00e9faillance du serveur r\u00e9seau ou du mat\u00e9riel, de virus, de bogues, d\u2019erreurs de programmation ou de toute autre erreur ou autre cause ind\u00e9pendante de la volont\u00e9 de la personne corrompue ou mena\u00e7ante de corrompre l\u2019administration, l\u2019int\u00e9grit\u00e9 ou la s\u00e9curit\u00e9 du concours ou, le cas \u00e9ch\u00e9ant, tout autre facteur nuisant \u00e0 la conduite du concours tel qu\u2019il soit \u00e9nonc\u00e9 dans le pr\u00e9sent r\u00e8glement officiel, ou pour toute autre raison \u00e0 la seule discr\u00e9tion du commanditaire du concours.<\/li><li><strong>R\u00e8glements officiels :<\/strong> Pour obtenir une copie des R\u00e8glements officiels, envoyez une enveloppe affranchie \u00e0 Park\u2019N Fly Canada, 5905 Campus Road, Mississauga (Ontario) L4V 1P9. Les demandes doivent \u00eatre re\u00e7ues au plus tard le 30 avril 2024 \u00e0 23 h 59 (HE).<\/li><li><strong>R\u00e8glements officiels et noms des gagnants :<\/strong> Pour obtenir les noms du gagnant officiel, envoyez une enveloppe affranchie \u00e0 Park\u2019N Fly Canada, 5905 Campus Road, Mississauga, Ontario, L4V 1P9. Les demandes doivent \u00eatre re\u00e7ues au plus tard le 30 juin 2024 \u00e0 23 h 59 (HE).<\/li><\/ol>\t\t\t\t\t\t<\/div>\n\t\t\t\t<\/div>\n\t\t\t\t\t<\/div>\n\t\t<\/div>\n\t\t\t\t<div class=\"elementor-column elementor-col-50 elementor-top-column elementor-element elementor-element-fe40669\" data-id=\"fe40669\" data-element_type=\"column\">\n\t\t\t<div class=\"elementor-widget-wrap\">\n\t\t\t\t\t\t\t<\/div>\n\t\t<\/div>\n\t\t\t\t\t<\/div>\n\t\t<\/section>\n\t\t\t\t<\/div>\n\t\t","protected":false},"excerpt":{"rendered":"<p>Carte-cadeau voyage CAA Atlantic 2024 R\u00e8glements du concours \u00a0COMMANDITAIRE DU CONCOURS\u00a0: Park\u2019N Fly Canada. \u00a0P\u00c9RIODE DU CONCOURS\u00a0: Le concours d\u00e9bute \u00e0 0\u00a0h\u00a01, heure de l\u2019Est (HE), le 15 mars 2024 et se termine \u00e0 23\u00a0h\u00a059 (HE), le 30 avril 2024 (la \u00ab\u2009p\u00e9riode du concours\u2009\u00bb). A)\u00a0 COMMENT PARTICIPER \u2013 Effectuer un s\u00e9jour de stationnement \u00e0 l\u2019emplacement &hellip; <a href=\"https:\/\/staging.parknfly.ca\/fr\/carte-cadeau-voyage-caa-atlantic-2024-reglements-du-concours\/\">Continuer<\/a><\/p>\n","protected":false},"author":24,"featured_media":0,"parent":0,"menu_order":0,"comment_status":"closed","ping_status":"closed","template":"","meta":{"_acf_changed":false,"_monsterinsights_skip_tracking":false,"_monsterinsights_sitenote_active":false,"_monsterinsights_sitenote_note":"","_monsterinsights_sitenote_category":0,"footnotes":""},"yst_prominent_words":[38],"class_list":["post-21857","page","type-page","status-publish","hentry"],"acf":[],"_links":{"self":[{"href":"https:\/\/staging.parknfly.ca\/fr\/wp-json\/wp\/v2\/pages\/21857","targetHints":{"allow":["GET"]}}],"collection":[{"href":"https:\/\/staging.parknfly.ca\/fr\/wp-json\/wp\/v2\/pages"}],"about":[{"href":"https:\/\/staging.parknfly.ca\/fr\/wp-json\/wp\/v2\/types\/page"}],"author":[{"embeddable":true,"href":"https:\/\/staging.parknfly.ca\/fr\/wp-json\/wp\/v2\/users\/24"}],"replies":[{"embeddable":true,"href":"https:\/\/staging.parknfly.ca\/fr\/wp-json\/wp\/v2\/comments?post=21857"}],"version-history":[{"count":13,"href":"https:\/\/staging.parknfly.ca\/fr\/wp-json\/wp\/v2\/pages\/21857\/revisions"}],"predecessor-version":[{"id":21880,"href":"https:\/\/staging.parknfly.ca\/fr\/wp-json\/wp\/v2\/pages\/21857\/revisions\/21880"}],"wp:attachment":[{"href":"https:\/\/staging.parknfly.ca\/fr\/wp-json\/wp\/v2\/media?parent=21857"}],"wp:term":[{"taxonomy":"yst_prominent_words","embeddable":true,"href":"https:\/\/staging.parknfly.ca\/fr\/wp-json\/wp\/v2\/yst_prominent_words?post=21857"}],"curies":[{"name":"wp","href":"https:\/\/api.w.org\/{rel}","templated":true}]}}