{"id":19697,"date":"2023-03-21T20:28:45","date_gmt":"2023-03-21T20:28:45","guid":{"rendered":"https:\/\/staging-admin.parknfly.ca\/spain-copy\/"},"modified":"2024-04-30T22:45:24","modified_gmt":"2024-04-30T22:45:24","slug":"espagne","status":"publish","type":"page","link":"https:\/\/staging.parknfly.ca\/fr\/espagne\/","title":{"rendered":"2024 Transat Spain Contest FR"},"content":{"rendered":"\t\t<div data-elementor-type=\"wp-page\" data-elementor-id=\"19697\" class=\"elementor elementor-19697\" data-elementor-post-type=\"page\">\n\t\t\t\t\t\t<section class=\"elementor-section elementor-top-section elementor-element elementor-element-654a8d5 elementor-section-height-min-height elementor-section-items-bottom sub-banner elementor-section-boxed elementor-section-height-default\" data-id=\"654a8d5\" data-element_type=\"section\" data-settings=\"{&quot;background_background&quot;:&quot;classic&quot;}\">\n\t\t\t\t\t\t\t<div class=\"elementor-background-overlay\"><\/div>\n\t\t\t\t\t\t\t<div class=\"elementor-container elementor-column-gap-default\">\n\t\t\t\t\t<div class=\"elementor-column elementor-col-100 elementor-top-column elementor-element elementor-element-1e74401\" data-id=\"1e74401\" data-element_type=\"column\">\n\t\t\t<div class=\"elementor-widget-wrap elementor-element-populated\">\n\t\t\t\t\t\t<div class=\"elementor-element elementor-element-49f9d31 elementor-widget elementor-widget-heading\" data-id=\"49f9d31\" data-element_type=\"widget\" data-widget_type=\"heading.default\">\n\t\t\t\t<div class=\"elementor-widget-container\">\n\t\t\t<h1 class=\"elementor-heading-title elementor-size-default\">Si! Gagnez votre<br \/>chemin vers l\u2019Espagne<\/h1>\t\t<\/div>\n\t\t\t\t<\/div>\n\t\t\t\t\t<\/div>\n\t\t<\/div>\n\t\t\t\t\t<\/div>\n\t\t<\/section>\n\t\t\t\t<section class=\"elementor-section elementor-top-section elementor-element elementor-element-f7c50b8 elementor-section-boxed elementor-section-height-default elementor-section-height-default\" data-id=\"f7c50b8\" data-element_type=\"section\">\n\t\t\t\t\t\t<div class=\"elementor-container elementor-column-gap-default\">\n\t\t\t\t\t<div class=\"elementor-column elementor-col-100 elementor-top-column elementor-element elementor-element-dbc11ef\" data-id=\"dbc11ef\" data-element_type=\"column\">\n\t\t\t<div class=\"elementor-widget-wrap elementor-element-populated\">\n\t\t\t\t\t\t<div class=\"elementor-element elementor-element-819c21f elementor-widget elementor-widget-spacer\" data-id=\"819c21f\" data-element_type=\"widget\" data-widget_type=\"spacer.default\">\n\t\t\t\t<div class=\"elementor-widget-container\">\n\t\t\t\t\t<div class=\"elementor-spacer\">\n\t\t\t<div class=\"elementor-spacer-inner\"><\/div>\n\t\t<\/div>\n\t\t\t\t<\/div>\n\t\t\t\t<\/div>\n\t\t\t\t\t<\/div>\n\t\t<\/div>\n\t\t\t\t\t<\/div>\n\t\t<\/section>\n\t\t\t\t<section class=\"elementor-section elementor-top-section elementor-element elementor-element-b9deb8b elementor-section-boxed elementor-section-height-default elementor-section-height-default\" data-id=\"b9deb8b\" data-element_type=\"section\">\n\t\t\t\t\t\t<div class=\"elementor-container elementor-column-gap-default\">\n\t\t\t\t\t<div class=\"elementor-column elementor-col-100 elementor-top-column elementor-element elementor-element-efd1412\" data-id=\"efd1412\" data-element_type=\"column\">\n\t\t\t<div class=\"elementor-widget-wrap elementor-element-populated\">\n\t\t\t\t\t\t<div class=\"elementor-element elementor-element-0ea4e24 elementor-widget elementor-widget-heading\" data-id=\"0ea4e24\" data-element_type=\"widget\" data-widget_type=\"heading.default\">\n\t\t\t\t<div class=\"elementor-widget-container\">\n\t\t\t<h1 class=\"elementor-heading-title elementor-size-default\">Participez pour courir la chance de GAGNER UN VOYAGE D\u2019UNE SEMAINE POUR DEUX \u00e0 Barcelone, en Espagne<\/h1>\t\t<\/div>\n\t\t\t\t<\/div>\n\t\t\t\t\t<\/div>\n\t\t<\/div>\n\t\t\t\t\t<\/div>\n\t\t<\/section>\n\t\t\t\t<section class=\"elementor-section elementor-top-section elementor-element elementor-element-7180669 elementor-section-boxed elementor-section-height-default elementor-section-height-default\" data-id=\"7180669\" data-element_type=\"section\">\n\t\t\t\t\t\t<div class=\"elementor-container elementor-column-gap-default\">\n\t\t\t\t\t<div class=\"elementor-column elementor-col-100 elementor-top-column elementor-element elementor-element-0df8e36\" data-id=\"0df8e36\" data-element_type=\"column\">\n\t\t\t<div class=\"elementor-widget-wrap elementor-element-populated\">\n\t\t\t\t\t\t<div class=\"elementor-element elementor-element-a88aff6 elementor-widget elementor-widget-spacer\" data-id=\"a88aff6\" data-element_type=\"widget\" data-widget_type=\"spacer.default\">\n\t\t\t\t<div class=\"elementor-widget-container\">\n\t\t\t\t\t<div class=\"elementor-spacer\">\n\t\t\t<div class=\"elementor-spacer-inner\"><\/div>\n\t\t<\/div>\n\t\t\t\t<\/div>\n\t\t\t\t<\/div>\n\t\t\t\t\t<\/div>\n\t\t<\/div>\n\t\t\t\t\t<\/div>\n\t\t<\/section>\n\t\t\t\t<section class=\"elementor-section elementor-top-section elementor-element elementor-element-4bc22b3 elementor-section-boxed elementor-section-height-default elementor-section-height-default\" data-id=\"4bc22b3\" data-element_type=\"section\">\n\t\t\t\t\t\t<div class=\"elementor-container elementor-column-gap-default\">\n\t\t\t\t\t<div class=\"elementor-column elementor-col-100 elementor-top-column elementor-element elementor-element-85dd59b\" data-id=\"85dd59b\" data-element_type=\"column\">\n\t\t\t<div class=\"elementor-widget-wrap elementor-element-populated\">\n\t\t\t\t\t\t<div class=\"elementor-element elementor-element-4fb3799 elementor-widget elementor-widget-text-editor\" data-id=\"4fb3799\" data-element_type=\"widget\" data-widget_type=\"text-editor.default\">\n\t\t\t\t<div class=\"elementor-widget-container\">\n\t\t\t\t\t\t\t<p>Park\u2019N Fly et Transat veulent vous offrir, \u00e0 vous et \u00e0 un invit\u00e9, un voyage inoubliable en vous donnant la chance de GAGNER UN VOYAGE POUR 2 \u00e0 Barcelone, en Espagne..<\/p><p>L\u2019heureux gagnant du Grand Prix recevra:<\/p><ul><li>Billet d\u2019avion pour 2 personnes au d\u00e9part de Toronto ou de Montr\u00e9al*<\/li><li>7 nuits aux <a href=\"https:\/\/www.discoverasr.com\/en\/citadines\/spain\/citadines-ramblas-barcelona?utm_source=google&amp;utm_medium=gmb&amp;utm_campaign=EU-google-gmb-alwayson-20210927-all-en-eu-es-citadinesramblasbarcelona&amp;y_source=1_NTg1OTcxMDMtNzE1LWxvY2F0aW9uLndlYnNpdGU%3D\"><strong>Citadines Ramblas Barcelona<\/strong><\/a><\/li><li>De plus, vous b\u00e9n\u00e9ficierez de 8 jours de stationnement GRATUIT chez Park\u2019N Fly<\/li><\/ul><p>Le Grand Prix est \u00e9valu\u00e9 \u00e0 <strong>4,125 $<\/strong>\u00a0CDN!<\/p><p>Participez pour courir la chance de gagner et commencez \u00e0 faire vos bagages! Le concours se d\u00e9roule du 1er mai au 15 juin 2024. Bonne chance!<\/p>\t\t\t\t\t\t<\/div>\n\t\t\t\t<\/div>\n\t\t\t\t\t<\/div>\n\t\t<\/div>\n\t\t\t\t\t<\/div>\n\t\t<\/section>\n\t\t\t\t<section class=\"elementor-section elementor-top-section elementor-element elementor-element-2e0524c elementor-section-boxed elementor-section-height-default elementor-section-height-default\" data-id=\"2e0524c\" data-element_type=\"section\">\n\t\t\t\t\t\t<div class=\"elementor-container elementor-column-gap-default\">\n\t\t\t\t\t<div class=\"elementor-column elementor-col-100 elementor-top-column elementor-element elementor-element-0f4c1b7\" data-id=\"0f4c1b7\" data-element_type=\"column\">\n\t\t\t<div class=\"elementor-widget-wrap elementor-element-populated\">\n\t\t\t\t\t\t<div class=\"elementor-element elementor-element-5c29ec2 elementor-widget elementor-widget-spacer\" data-id=\"5c29ec2\" data-element_type=\"widget\" data-widget_type=\"spacer.default\">\n\t\t\t\t<div class=\"elementor-widget-container\">\n\t\t\t\t\t<div class=\"elementor-spacer\">\n\t\t\t<div class=\"elementor-spacer-inner\"><\/div>\n\t\t<\/div>\n\t\t\t\t<\/div>\n\t\t\t\t<\/div>\n\t\t\t\t\t<\/div>\n\t\t<\/div>\n\t\t\t\t\t<\/div>\n\t\t<\/section>\n\t\t\t\t<section class=\"elementor-section elementor-top-section elementor-element elementor-element-3f1daaa elementor-section-boxed elementor-section-height-default elementor-section-height-default\" data-id=\"3f1daaa\" data-element_type=\"section\">\n\t\t\t\t\t\t<div class=\"elementor-container elementor-column-gap-default\">\n\t\t\t\t\t<div class=\"elementor-column elementor-col-33 elementor-top-column elementor-element elementor-element-18962f5\" data-id=\"18962f5\" data-element_type=\"column\">\n\t\t\t<div class=\"elementor-widget-wrap\">\n\t\t\t\t\t\t\t<\/div>\n\t\t<\/div>\n\t\t\t\t<div class=\"elementor-column elementor-col-33 elementor-top-column elementor-element elementor-element-b814913\" data-id=\"b814913\" data-element_type=\"column\">\n\t\t\t<div class=\"elementor-widget-wrap elementor-element-populated\">\n\t\t\t\t\t\t<div class=\"elementor-element elementor-element-fec0dc0 elementor-align-center elementor-widget elementor-widget-button\" data-id=\"fec0dc0\" data-element_type=\"widget\" data-widget_type=\"button.default\">\n\t\t\t\t<div class=\"elementor-widget-container\">\n\t\t\t\t\t\t\t<div class=\"elementor-button-wrapper\">\n\t\t\t\t\t<a class=\"elementor-button elementor-button-link elementor-size-xl\" href=\"https:\/\/www.surveymonkey.com\/r\/KPJHHY5\">\n\t\t\t\t\t\t<span class=\"elementor-button-content-wrapper\">\n\t\t\t\t\t\t\t\t\t<span class=\"elementor-button-text\">Participez d\u00e8s aujourd\u2019hui<\/span>\n\t\t\t\t\t<\/span>\n\t\t\t\t\t<\/a>\n\t\t\t\t<\/div>\n\t\t\t\t\t\t<\/div>\n\t\t\t\t<\/div>\n\t\t\t\t\t<\/div>\n\t\t<\/div>\n\t\t\t\t<div class=\"elementor-column elementor-col-33 elementor-top-column elementor-element elementor-element-4c6df5d\" data-id=\"4c6df5d\" data-element_type=\"column\">\n\t\t\t<div class=\"elementor-widget-wrap\">\n\t\t\t\t\t\t\t<\/div>\n\t\t<\/div>\n\t\t\t\t\t<\/div>\n\t\t<\/section>\n\t\t\t\t<section class=\"elementor-section elementor-top-section elementor-element elementor-element-1666e62 elementor-section-boxed elementor-section-height-default elementor-section-height-default\" data-id=\"1666e62\" data-element_type=\"section\">\n\t\t\t\t\t\t<div class=\"elementor-container elementor-column-gap-default\">\n\t\t\t\t\t<div class=\"elementor-column elementor-col-20 elementor-top-column elementor-element elementor-element-259ee0b\" data-id=\"259ee0b\" data-element_type=\"column\">\n\t\t\t<div class=\"elementor-widget-wrap\">\n\t\t\t\t\t\t\t<\/div>\n\t\t<\/div>\n\t\t\t\t<div class=\"elementor-column elementor-col-20 elementor-top-column elementor-element elementor-element-5b573bc\" data-id=\"5b573bc\" data-element_type=\"column\">\n\t\t\t<div class=\"elementor-widget-wrap\">\n\t\t\t\t\t\t\t<\/div>\n\t\t<\/div>\n\t\t\t\t<div class=\"elementor-column elementor-col-20 elementor-top-column elementor-element elementor-element-86afd99\" data-id=\"86afd99\" data-element_type=\"column\">\n\t\t\t<div class=\"elementor-widget-wrap\">\n\t\t\t\t\t\t\t<\/div>\n\t\t<\/div>\n\t\t\t\t<div class=\"elementor-column elementor-col-20 elementor-top-column elementor-element elementor-element-b9b50d2 elementor-hidden-tablet elementor-hidden-phone\" data-id=\"b9b50d2\" data-element_type=\"column\">\n\t\t\t<div class=\"elementor-widget-wrap\">\n\t\t\t\t\t\t\t<\/div>\n\t\t<\/div>\n\t\t\t\t<div class=\"elementor-column elementor-col-20 elementor-top-column elementor-element elementor-element-75ddd9c elementor-hidden-tablet elementor-hidden-phone\" data-id=\"75ddd9c\" data-element_type=\"column\">\n\t\t\t<div class=\"elementor-widget-wrap\">\n\t\t\t\t\t\t\t<\/div>\n\t\t<\/div>\n\t\t\t\t\t<\/div>\n\t\t<\/section>\n\t\t\t\t<section class=\"elementor-section elementor-top-section elementor-element elementor-element-faa9c3d elementor-section-boxed elementor-section-height-default elementor-section-height-default\" data-id=\"faa9c3d\" data-element_type=\"section\">\n\t\t\t\t\t\t<div class=\"elementor-container elementor-column-gap-default\">\n\t\t\t\t\t<div class=\"elementor-column elementor-col-33 elementor-top-column elementor-element elementor-element-e8e950a\" data-id=\"e8e950a\" data-element_type=\"column\">\n\t\t\t<div class=\"elementor-widget-wrap\">\n\t\t\t\t\t\t\t<\/div>\n\t\t<\/div>\n\t\t\t\t<div class=\"elementor-column elementor-col-33 elementor-top-column elementor-element elementor-element-1635180\" data-id=\"1635180\" data-element_type=\"column\">\n\t\t\t<div class=\"elementor-widget-wrap elementor-element-populated\">\n\t\t\t\t\t\t<div class=\"elementor-element elementor-element-1d43673 elementor-widget elementor-widget-image\" data-id=\"1d43673\" data-element_type=\"widget\" data-widget_type=\"image.default\">\n\t\t\t\t<div class=\"elementor-widget-container\">\n\t\t\t\t\t\t\t\t\t\t\t\t\t<img fetchpriority=\"high\" decoding=\"async\" width=\"600\" height=\"124\" src=\"https:\/\/staging.parknfly.ca\/wp-content\/uploads\/2024\/04\/transat-and-citadines-logos-lock-up.png\" class=\"attachment-large size-large wp-image-22268\" alt=\"\" srcset=\"https:\/\/staging.parknfly.ca\/wp-content\/uploads\/2024\/04\/transat-and-citadines-logos-lock-up.png 600w, https:\/\/staging.parknfly.ca\/wp-content\/uploads\/2024\/04\/transat-and-citadines-logos-lock-up-300x62.png 300w\" sizes=\"(max-width: 600px) 100vw, 600px\" \/>\t\t\t\t\t\t\t\t\t\t\t\t\t<\/div>\n\t\t\t\t<\/div>\n\t\t\t\t\t<\/div>\n\t\t<\/div>\n\t\t\t\t<div class=\"elementor-column elementor-col-33 elementor-top-column elementor-element elementor-element-37a51b9\" data-id=\"37a51b9\" data-element_type=\"column\">\n\t\t\t<div class=\"elementor-widget-wrap\">\n\t\t\t\t\t\t\t<\/div>\n\t\t<\/div>\n\t\t\t\t\t<\/div>\n\t\t<\/section>\n\t\t\t\t<section class=\"elementor-section elementor-top-section elementor-element elementor-element-1e9f3f1 elementor-section-boxed elementor-section-height-default elementor-section-height-default\" data-id=\"1e9f3f1\" data-element_type=\"section\">\n\t\t\t\t\t\t<div class=\"elementor-container elementor-column-gap-default\">\n\t\t\t\t\t<div class=\"elementor-column elementor-col-100 elementor-top-column elementor-element elementor-element-49ce91e\" data-id=\"49ce91e\" data-element_type=\"column\">\n\t\t\t<div class=\"elementor-widget-wrap elementor-element-populated\">\n\t\t\t\t\t\t<div class=\"elementor-element elementor-element-e554677 elementor-widget elementor-widget-spacer\" data-id=\"e554677\" data-element_type=\"widget\" data-widget_type=\"spacer.default\">\n\t\t\t\t<div class=\"elementor-widget-container\">\n\t\t\t\t\t<div class=\"elementor-spacer\">\n\t\t\t<div class=\"elementor-spacer-inner\"><\/div>\n\t\t<\/div>\n\t\t\t\t<\/div>\n\t\t\t\t<\/div>\n\t\t\t\t\t<\/div>\n\t\t<\/div>\n\t\t\t\t\t<\/div>\n\t\t<\/section>\n\t\t\t\t<section class=\"elementor-section elementor-top-section elementor-element elementor-element-de72a8a elementor-section-boxed elementor-section-height-default elementor-section-height-default\" data-id=\"de72a8a\" data-element_type=\"section\">\n\t\t\t\t\t\t<div class=\"elementor-container elementor-column-gap-default\">\n\t\t\t\t\t<div class=\"elementor-column elementor-col-100 elementor-top-column elementor-element elementor-element-f77fc9e\" data-id=\"f77fc9e\" data-element_type=\"column\">\n\t\t\t<div class=\"elementor-widget-wrap elementor-element-populated\">\n\t\t\t\t\t\t<div class=\"elementor-element elementor-element-7f0501a elementor-widget-divider--view-line elementor-widget elementor-widget-divider\" data-id=\"7f0501a\" data-element_type=\"widget\" data-widget_type=\"divider.default\">\n\t\t\t\t<div class=\"elementor-widget-container\">\n\t\t\t\t\t<div class=\"elementor-divider\">\n\t\t\t<span class=\"elementor-divider-separator\">\n\t\t\t\t\t\t<\/span>\n\t\t<\/div>\n\t\t\t\t<\/div>\n\t\t\t\t<\/div>\n\t\t\t\t<div class=\"elementor-element elementor-element-509aa2f elementor-widget elementor-widget-text-editor\" data-id=\"509aa2f\" data-element_type=\"widget\" data-widget_type=\"text-editor.default\">\n\t\t\t\t<div class=\"elementor-widget-container\">\n\t\t\t\t\t\t\t<p>*Aucun achat n\u00e9cessaire. Le concours est ouvert \u00e0 tous les r\u00e9sidents du Canada, \u00e2g\u00e9s de plus de 18 ans, y compris le Qu\u00e9bec.. Visitez <a href=\"https:\/\/staging-admin.parknfly.ca\/fr\/reglesdelespagne\/\" target=\"_blank\" rel=\"noopener\">www. parknfly.ca\/fr\/reglesdelespagne\/<\/a> pour consulter les r\u00e8glements du concours. Le billet d\u2019avion aller-retour en classe \u00e9conomique pour deux personnes, au d\u00e9part de Toronto ou de Montr\u00e9al, comprend les taxes d\u2019a\u00e9roport. Le billet d\u2019avion pour Barcelone sera valable pour le voyage du 18 juin au 31 octobre 2024, avec des dates d\u2019interdiction du 19 juillet au 14 ao\u00fbt 2024. L\u2019offre d\u2019h\u00f4tel est valide pour les voyages du 18 juin 2024 au 31 octobre 2024, avec des p\u00e9riodes d\u2019interdiction du 19 juillet 2024 au 14 ao\u00fbt 2024 et du 13 septembre 2024 au 16 septembre 2024. La r\u00e9servation doit \u00eatre effectu\u00e9e 30 jours avant le d\u00e9part et aucune prolongation ne sera accord\u00e9e. Cette offre est soumise \u00e0 la disponibilit\u00e9 des chambres et des vols. Transat Tours Canada Inc. \u00ab TTC \u00bb faisant affaire sous le nom d\u2019Air Transat et Transat. Park\u2019N Fly est une marque d\u00e9pos\u00e9e de 1884901 Alberta Ltd.<\/p>\t\t\t\t\t\t<\/div>\n\t\t\t\t<\/div>\n\t\t\t\t\t<\/div>\n\t\t<\/div>\n\t\t\t\t\t<\/div>\n\t\t<\/section>\n\t\t\t\t<\/div>\n\t\t","protected":false},"excerpt":{"rendered":"<p>Si! Gagnez votre chemin vers l\u2019Espagne Participez pour courir la chance de GAGNER UN VOYAGE D\u2019UNE SEMAINE POUR DEUX \u00e0 Barcelone, en Espagne Park\u2019N Fly et Transat veulent vous offrir, \u00e0 vous et \u00e0 un invit\u00e9, un voyage inoubliable en vous donnant la chance de GAGNER UN VOYAGE POUR 2 \u00e0 Barcelone, en Espagne.. L\u2019heureux &hellip; <a href=\"https:\/\/staging.parknfly.ca\/fr\/espagne\/\">Continuer<\/a><\/p>\n","protected":false},"author":10,"featured_media":0,"parent":0,"menu_order":0,"comment_status":"closed","ping_status":"closed","template":"","meta":{"_acf_changed":false,"_monsterinsights_skip_tracking":false,"_monsterinsights_sitenote_active":false,"_monsterinsights_sitenote_note":"","_monsterinsights_sitenote_category":0,"footnotes":""},"yst_prominent_words":[2403],"class_list":["post-19697","page","type-page","status-publish","hentry"],"acf":[],"_links":{"self":[{"href":"https:\/\/staging.parknfly.ca\/fr\/wp-json\/wp\/v2\/pages\/19697","targetHints":{"allow":["GET"]}}],"collection":[{"href":"https:\/\/staging.parknfly.ca\/fr\/wp-json\/wp\/v2\/pages"}],"about":[{"href":"https:\/\/staging.parknfly.ca\/fr\/wp-json\/wp\/v2\/types\/page"}],"author":[{"embeddable":true,"href":"https:\/\/staging.parknfly.ca\/fr\/wp-json\/wp\/v2\/users\/10"}],"replies":[{"embeddable":true,"href":"https:\/\/staging.parknfly.ca\/fr\/wp-json\/wp\/v2\/comments?post=19697"}],"version-history":[{"count":51,"href":"https:\/\/staging.parknfly.ca\/fr\/wp-json\/wp\/v2\/pages\/19697\/revisions"}],"predecessor-version":[{"id":22356,"href":"https:\/\/staging.parknfly.ca\/fr\/wp-json\/wp\/v2\/pages\/19697\/revisions\/22356"}],"wp:attachment":[{"href":"https:\/\/staging.parknfly.ca\/fr\/wp-json\/wp\/v2\/media?parent=19697"}],"wp:term":[{"taxonomy":"yst_prominent_words","embeddable":true,"href":"https:\/\/staging.parknfly.ca\/fr\/wp-json\/wp\/v2\/yst_prominent_words?post=19697"}],"curies":[{"name":"wp","href":"https:\/\/api.w.org\/{rel}","templated":true}]}}